{"id":52,"date":"2023-09-07T18:00:10","date_gmt":"2023-09-07T16:00:10","guid":{"rendered":"https:\/\/ucs.judofreunde-korntal.de\/wordpress\/?page_id=52"},"modified":"2025-06-15T15:52:39","modified_gmt":"2025-06-15T13:52:39","slug":"training-judo-korntal","status":"publish","type":"page","link":"https:\/\/www.judofreunde-korntal.de\/wordpress\/","title":{"rendered":"Training"},"content":{"rendered":"\n<p>Wir trainieren immer montags im Rahmen eines Kurses der <a href=\"https:\/\/www.vhs-korntal-muenchingen.de\/\">VHS Korntal-M\u00fcnchingen<\/a> in der Teichwiesensporthalle Korntal (Feuerseeweg). <\/p>\n\n\n\n<p>Kurszeiten:<\/p>\n\n\n\n<p class=\"has-medium-font-size\">17:45 Uhr bis 19:00 Uhr : Kinder<br>19:00 Uhr bis 20:15 Uhr : Jugendliche<br>20:15 Uhr bis 21:30 Uhr : Erwachsene<\/p>\n\n\n\n<p>In jedem Kurs nehmen wir Neueinsteiger gerne auf. Die <a href=\"https:\/\/www.judofreunde-korntal.de\/wordpress\/anmeldung\/\">Anmeldung<\/a> erfolgt \u00fcber die VHS. Anmeldeformulare erhaltet ihr auch beim Trainer im Kurs. Auch bei den Erwachsenen geht es uns um k\u00f6rperliche Fitness und den Spa\u00df am Judo &#8211; reinschnuppern lohnt sich! <\/p>\n\n\n\n<p>In den Schulferien findet kein Training statt!<\/p>\n\n\n\n<figure class=\"wp-block-image size-large\"><img loading=\"lazy\" decoding=\"async\" width=\"1024\" height=\"682\" src=\"http:\/\/ucs.judofreunde-korntal.de\/wordpress\/wp-content\/uploads\/2022\/11\/DSC00550-Large-1024x682.jpeg\" alt=\"Judo Begr\u00fc\u00dfung\" class=\"wp-image-26\" srcset=\"https:\/\/www.judofreunde-korntal.de\/wordpress\/wp-content\/uploads\/2022\/11\/DSC00550-Large-1024x682.jpeg 1024w, https:\/\/www.judofreunde-korntal.de\/wordpress\/wp-content\/uploads\/2022\/11\/DSC00550-Large-300x200.jpeg 300w, https:\/\/www.judofreunde-korntal.de\/wordpress\/wp-content\/uploads\/2022\/11\/DSC00550-Large-768x512.jpeg 768w, https:\/\/www.judofreunde-korntal.de\/wordpress\/wp-content\/uploads\/2022\/11\/DSC00550-Large.jpeg 1280w\" sizes=\"auto, (max-width: 1024px) 100vw, 1024px\" \/><\/figure>\n","protected":false},"excerpt":{"rendered":"<p>Wir trainieren immer montags im Rahmen eines Kurses der VHS Korntal-M\u00fcnchingen in der Teichwiesensporthalle Korntal (Feuerseeweg). Kurszeiten: 17:45 Uhr bis 19:00 Uhr : Kinder19:00 Uhr bis 20:15 Uhr : Jugendliche20:15 Uhr bis 21:30 Uhr : Erwachsene In jedem Kurs nehmen wir Neueinsteiger gerne auf. Die Anmeldung erfolgt \u00fcber die VHS. Anmeldeformulare erhaltet ihr auch beim [&hellip;]<\/p>\n","protected":false},"author":3,"featured_media":0,"parent":0,"menu_order":0,"comment_status":"closed","ping_status":"closed","template":"","meta":{"footnotes":""},"class_list":["post-52","page","type-page","status-publish","hentry"],"yoast_head":"<!-- This site is optimized with the Yoast SEO plugin v24.0 - https:\/\/yoast.com\/wordpress\/plugins\/seo\/ -->\n<title>Training - Judofreunde Korntal e.V.<\/title>\n<meta name=\"description\" content=\"Das Judo Training \u00fcber einen VHS Kurs f\u00fcr Ausdauer, Kraft, Koordination, Sport und Spa\u00df in Korntal-M\u00fcchingen\" \/>\n<meta name=\"robots\" content=\"index, follow, max-snippet:-1, max-image-preview:large, max-video-preview:-1\" \/>\n<link rel=\"canonical\" href=\"https:\/\/www.judofreunde-korntal.de\/wordpress\/\" \/>\n<meta property=\"og:locale\" content=\"de_DE\" \/>\n<meta property=\"og:type\" content=\"article\" \/>\n<meta property=\"og:title\" content=\"Training - Judofreunde Korntal e.V.\" \/>\n<meta property=\"og:description\" content=\"Das Judo Training \u00fcber einen VHS Kurs f\u00fcr Ausdauer, Kraft, Koordination, Sport und Spa\u00df in Korntal-M\u00fcchingen\" \/>\n<meta property=\"og:url\" content=\"https:\/\/www.judofreunde-korntal.de\/wordpress\/\" \/>\n<meta property=\"og:site_name\" content=\"Judofreunde Korntal e.V.\" \/>\n<meta property=\"article:publisher\" content=\"https:\/\/www.facebook.com\/profile.php?id=100084103943783\" \/>\n<meta property=\"article:modified_time\" content=\"2025-06-15T13:52:39+00:00\" \/>\n<meta property=\"og:image\" content=\"http:\/\/ucs.judofreunde-korntal.de\/wordpress\/wp-content\/uploads\/2022\/11\/DSC00550-Large-1024x682.jpeg\" \/>\n<meta name=\"twitter:card\" content=\"summary_large_image\" \/>\n<meta name=\"twitter:label1\" content=\"Gesch\u00e4tzte Lesezeit\" \/>\n\t<meta name=\"twitter:data1\" content=\"1\u00a0Minute\" \/>\n<script type=\"application\/ld+json\" class=\"yoast-schema-graph\">{\"@context\":\"https:\/\/schema.org\",\"@graph\":[{\"@type\":\"WebPage\",\"@id\":\"https:\/\/www.judofreunde-korntal.de\/wordpress\/\",\"url\":\"https:\/\/www.judofreunde-korntal.de\/wordpress\/\",\"name\":\"Training - Judofreunde Korntal e.V.\",\"isPartOf\":{\"@id\":\"https:\/\/www.judofreunde-korntal.de\/wordpress\/#website\"},\"primaryImageOfPage\":{\"@id\":\"https:\/\/www.judofreunde-korntal.de\/wordpress\/#primaryimage\"},\"image\":{\"@id\":\"https:\/\/www.judofreunde-korntal.de\/wordpress\/#primaryimage\"},\"thumbnailUrl\":\"http:\/\/ucs.judofreunde-korntal.de\/wordpress\/wp-content\/uploads\/2022\/11\/DSC00550-Large-1024x682.jpeg\",\"datePublished\":\"2023-09-07T16:00:10+00:00\",\"dateModified\":\"2025-06-15T13:52:39+00:00\",\"description\":\"Das Judo Training \u00fcber einen VHS Kurs f\u00fcr Ausdauer, Kraft, Koordination, Sport und Spa\u00df in Korntal-M\u00fcchingen\",\"breadcrumb\":{\"@id\":\"https:\/\/www.judofreunde-korntal.de\/wordpress\/#breadcrumb\"},\"inLanguage\":\"de\",\"potentialAction\":[{\"@type\":\"ReadAction\",\"target\":[\"https:\/\/www.judofreunde-korntal.de\/wordpress\/\"]}]},{\"@type\":\"ImageObject\",\"inLanguage\":\"de\",\"@id\":\"https:\/\/www.judofreunde-korntal.de\/wordpress\/#primaryimage\",\"url\":\"http:\/\/ucs.judofreunde-korntal.de\/wordpress\/wp-content\/uploads\/2022\/11\/DSC00550-Large-1024x682.jpeg\",\"contentUrl\":\"http:\/\/ucs.judofreunde-korntal.de\/wordpress\/wp-content\/uploads\/2022\/11\/DSC00550-Large-1024x682.jpeg\"},{\"@type\":\"BreadcrumbList\",\"@id\":\"https:\/\/www.judofreunde-korntal.de\/wordpress\/#breadcrumb\",\"itemListElement\":[{\"@type\":\"ListItem\",\"position\":1,\"name\":\"Startseite\",\"item\":\"https:\/\/www.judofreunde-korntal.de\/wordpress\/\"},{\"@type\":\"ListItem\",\"position\":2,\"name\":\"Training\"}]},{\"@type\":\"WebSite\",\"@id\":\"https:\/\/www.judofreunde-korntal.de\/wordpress\/#website\",\"url\":\"https:\/\/www.judofreunde-korntal.de\/wordpress\/\",\"name\":\"Judofreunde Korntal e.V.\",\"description\":\"Internet Pr\u00e4senz der Judofreunde Korntal\",\"publisher\":{\"@id\":\"https:\/\/www.judofreunde-korntal.de\/wordpress\/#organization\"},\"potentialAction\":[{\"@type\":\"SearchAction\",\"target\":{\"@type\":\"EntryPoint\",\"urlTemplate\":\"https:\/\/www.judofreunde-korntal.de\/wordpress\/?s={search_term_string}\"},\"query-input\":{\"@type\":\"PropertyValueSpecification\",\"valueRequired\":true,\"valueName\":\"search_term_string\"}}],\"inLanguage\":\"de\"},{\"@type\":\"Organization\",\"@id\":\"https:\/\/www.judofreunde-korntal.de\/wordpress\/#organization\",\"name\":\"Judofreunde Korntal e.V.\",\"url\":\"https:\/\/www.judofreunde-korntal.de\/wordpress\/\",\"logo\":{\"@type\":\"ImageObject\",\"inLanguage\":\"de\",\"@id\":\"https:\/\/www.judofreunde-korntal.de\/wordpress\/#\/schema\/logo\/image\/\",\"url\":\"http:\/\/38.242.210.90:40000\/wordpress\/wp-content\/uploads\/2022\/11\/JFK-Logo-ohneRand.jpg\",\"contentUrl\":\"http:\/\/38.242.210.90:40000\/wordpress\/wp-content\/uploads\/2022\/11\/JFK-Logo-ohneRand.jpg\",\"width\":1417,\"height\":1423,\"caption\":\"Judofreunde Korntal e.V.\"},\"image\":{\"@id\":\"https:\/\/www.judofreunde-korntal.de\/wordpress\/#\/schema\/logo\/image\/\"},\"sameAs\":[\"https:\/\/www.facebook.com\/profile.php?id=100084103943783\",\"https:\/\/www.instagram.com\/judofreunde\"]}]}<\/script>\n<!-- \/ Yoast SEO plugin. -->","yoast_head_json":{"title":"Training - Judofreunde Korntal e.V.","description":"Das Judo Training \u00fcber einen VHS Kurs f\u00fcr Ausdauer, Kraft, Koordination, Sport und Spa\u00df in Korntal-M\u00fcchingen","robots":{"index":"index","follow":"follow","max-snippet":"max-snippet:-1","max-image-preview":"max-image-preview:large","max-video-preview":"max-video-preview:-1"},"canonical":"https:\/\/www.judofreunde-korntal.de\/wordpress\/","og_locale":"de_DE","og_type":"article","og_title":"Training - Judofreunde Korntal e.V.","og_description":"Das Judo Training \u00fcber einen VHS Kurs f\u00fcr Ausdauer, Kraft, Koordination, Sport und Spa\u00df in Korntal-M\u00fcchingen","og_url":"https:\/\/www.judofreunde-korntal.de\/wordpress\/","og_site_name":"Judofreunde Korntal e.V.","article_publisher":"https:\/\/www.facebook.com\/profile.php?id=100084103943783","article_modified_time":"2025-06-15T13:52:39+00:00","og_image":[{"url":"http:\/\/ucs.judofreunde-korntal.de\/wordpress\/wp-content\/uploads\/2022\/11\/DSC00550-Large-1024x682.jpeg","type":"","width":"","height":""}],"twitter_card":"summary_large_image","twitter_misc":{"Gesch\u00e4tzte Lesezeit":"1\u00a0Minute"},"schema":{"@context":"https:\/\/schema.org","@graph":[{"@type":"WebPage","@id":"https:\/\/www.judofreunde-korntal.de\/wordpress\/","url":"https:\/\/www.judofreunde-korntal.de\/wordpress\/","name":"Training - Judofreunde Korntal e.V.","isPartOf":{"@id":"https:\/\/www.judofreunde-korntal.de\/wordpress\/#website"},"primaryImageOfPage":{"@id":"https:\/\/www.judofreunde-korntal.de\/wordpress\/#primaryimage"},"image":{"@id":"https:\/\/www.judofreunde-korntal.de\/wordpress\/#primaryimage"},"thumbnailUrl":"http:\/\/ucs.judofreunde-korntal.de\/wordpress\/wp-content\/uploads\/2022\/11\/DSC00550-Large-1024x682.jpeg","datePublished":"2023-09-07T16:00:10+00:00","dateModified":"2025-06-15T13:52:39+00:00","description":"Das Judo Training \u00fcber einen VHS Kurs f\u00fcr Ausdauer, Kraft, Koordination, Sport und Spa\u00df in Korntal-M\u00fcchingen","breadcrumb":{"@id":"https:\/\/www.judofreunde-korntal.de\/wordpress\/#breadcrumb"},"inLanguage":"de","potentialAction":[{"@type":"ReadAction","target":["https:\/\/www.judofreunde-korntal.de\/wordpress\/"]}]},{"@type":"ImageObject","inLanguage":"de","@id":"https:\/\/www.judofreunde-korntal.de\/wordpress\/#primaryimage","url":"http:\/\/ucs.judofreunde-korntal.de\/wordpress\/wp-content\/uploads\/2022\/11\/DSC00550-Large-1024x682.jpeg","contentUrl":"http:\/\/ucs.judofreunde-korntal.de\/wordpress\/wp-content\/uploads\/2022\/11\/DSC00550-Large-1024x682.jpeg"},{"@type":"BreadcrumbList","@id":"https:\/\/www.judofreunde-korntal.de\/wordpress\/#breadcrumb","itemListElement":[{"@type":"ListItem","position":1,"name":"Startseite","item":"https:\/\/www.judofreunde-korntal.de\/wordpress\/"},{"@type":"ListItem","position":2,"name":"Training"}]},{"@type":"WebSite","@id":"https:\/\/www.judofreunde-korntal.de\/wordpress\/#website","url":"https:\/\/www.judofreunde-korntal.de\/wordpress\/","name":"Judofreunde Korntal e.V.","description":"Internet Pr\u00e4senz der Judofreunde Korntal","publisher":{"@id":"https:\/\/www.judofreunde-korntal.de\/wordpress\/#organization"},"potentialAction":[{"@type":"SearchAction","target":{"@type":"EntryPoint","urlTemplate":"https:\/\/www.judofreunde-korntal.de\/wordpress\/?s={search_term_string}"},"query-input":{"@type":"PropertyValueSpecification","valueRequired":true,"valueName":"search_term_string"}}],"inLanguage":"de"},{"@type":"Organization","@id":"https:\/\/www.judofreunde-korntal.de\/wordpress\/#organization","name":"Judofreunde Korntal e.V.","url":"https:\/\/www.judofreunde-korntal.de\/wordpress\/","logo":{"@type":"ImageObject","inLanguage":"de","@id":"https:\/\/www.judofreunde-korntal.de\/wordpress\/#\/schema\/logo\/image\/","url":"http:\/\/38.242.210.90:40000\/wordpress\/wp-content\/uploads\/2022\/11\/JFK-Logo-ohneRand.jpg","contentUrl":"http:\/\/38.242.210.90:40000\/wordpress\/wp-content\/uploads\/2022\/11\/JFK-Logo-ohneRand.jpg","width":1417,"height":1423,"caption":"Judofreunde Korntal e.V."},"image":{"@id":"https:\/\/www.judofreunde-korntal.de\/wordpress\/#\/schema\/logo\/image\/"},"sameAs":["https:\/\/www.facebook.com\/profile.php?id=100084103943783","https:\/\/www.instagram.com\/judofreunde"]}]}},"_links":{"self":[{"href":"https:\/\/www.judofreunde-korntal.de\/wordpress\/wp-json\/wp\/v2\/pages\/52","targetHints":{"allow":["GET"]}}],"collection":[{"href":"https:\/\/www.judofreunde-korntal.de\/wordpress\/wp-json\/wp\/v2\/pages"}],"about":[{"href":"https:\/\/www.judofreunde-korntal.de\/wordpress\/wp-json\/wp\/v2\/types\/page"}],"author":[{"embeddable":true,"href":"https:\/\/www.judofreunde-korntal.de\/wordpress\/wp-json\/wp\/v2\/users\/3"}],"replies":[{"embeddable":true,"href":"https:\/\/www.judofreunde-korntal.de\/wordpress\/wp-json\/wp\/v2\/comments?post=52"}],"version-history":[{"count":8,"href":"https:\/\/www.judofreunde-korntal.de\/wordpress\/wp-json\/wp\/v2\/pages\/52\/revisions"}],"predecessor-version":[{"id":139,"href":"https:\/\/www.judofreunde-korntal.de\/wordpress\/wp-json\/wp\/v2\/pages\/52\/revisions\/139"}],"wp:attachment":[{"href":"https:\/\/www.judofreunde-korntal.de\/wordpress\/wp-json\/wp\/v2\/media?parent=52"}],"curies":[{"name":"wp","href":"https:\/\/api.w.org\/{rel}","templated":true}]}}